{"id":107,"date":"2011-02-18T15:56:20","date_gmt":"2011-02-18T14:56:20","guid":{"rendered":"http:\/\/www.fdsl.at\/?page_id=107"},"modified":"2025-07-18T08:37:50","modified_gmt":"2025-07-18T07:37:50","slug":"mietanfragen","status":"publish","type":"page","link":"http:\/\/www.fdsl.at\/?page_id=107","title":{"rendered":"Mietanfragen"},"content":{"rendered":"<p>Sie m\u00f6chten eine Veranstaltung in den R\u00e4umlichkeiten der alten Schule Landsee organisieren?<br \/>\nDann kontaktieren Sie uns einfach \u00fcber das folgende Formular.<br \/>\nF\u00fcr weitere Details sehen Sie sich bitte unsere <a href=\"http:\/\/www.fdsl.at\/wp-content\/uploads\/Hausordnung_202507.pdf\">Hausordnung<\/a> an.<\/p>\n\n<div class=\"wpcf7 no-js\" id=\"wpcf7-f443-o1\" lang=\"en-US\" dir=\"ltr\" data-wpcf7-id=\"443\">\n<div class=\"screen-reader-response\"><p role=\"status\" aria-live=\"polite\" aria-atomic=\"true\"><\/p> <ul><\/ul><\/div>\n<form action=\"\/index.php?rest_route=%2Fwp%2Fv2%2Fpages%2F107#wpcf7-f443-o1\" method=\"post\" class=\"wpcf7-form init\" aria-label=\"Contact form\" novalidate=\"novalidate\" data-status=\"init\">\n<fieldset class=\"hidden-fields-container\"><input type=\"hidden\" name=\"_wpcf7\" value=\"443\" \/><input type=\"hidden\" name=\"_wpcf7_version\" value=\"6.1.4\" \/><input type=\"hidden\" name=\"_wpcf7_locale\" value=\"en_US\" \/><input type=\"hidden\" name=\"_wpcf7_unit_tag\" value=\"wpcf7-f443-o1\" \/><input type=\"hidden\" name=\"_wpcf7_container_post\" value=\"0\" \/><input type=\"hidden\" name=\"_wpcf7_posted_data_hash\" value=\"\" \/>\n<\/fieldset>\n<p>gew\u00fcnschte R\u00e4umlichkeiten <a href=\"http:\/\/www.fdsl.at\/?page_id=830\" target=\"_blank\"> --> Verf\u00fcgbarkeit pr\u00fcfen <\/a>\n<\/p>\n<p><span class=\"wpcf7-form-control-wrap\" data-name=\"Raum\"><select class=\"wpcf7-form-control wpcf7-select wpcf7-validates-as-required\" aria-required=\"true\" aria-invalid=\"false\" name=\"Raum\"><option value=\"\">&#8212;Please choose an option&#8212;<\/option><option value=\"Saal\">Saal<\/option><option value=\"neue Klasse\">neue Klasse<\/option><option value=\"ganze Schule\">ganze Schule<\/option><\/select><\/span>\n<\/p>\n<p>Datum \/ Uhrzeit\n<\/p>\n<p>von <span class=\"wpcf7-form-control-wrap\" data-name=\"date-599\"><input class=\"wpcf7-form-control wpcf7-date wpcf7-validates-as-required wpcf7-validates-as-date\" id=\"von\" aria-required=\"true\" aria-invalid=\"false\" value=\"\" type=\"date\" name=\"date-599\" \/><\/span><span class=\"wpcf7-form-control-wrap\" data-name=\"startzeit\"><input size=\"5\" maxlength=\"400\" class=\"wpcf7-form-control wpcf7-text wpcf7-validates-as-required\" aria-required=\"true\" aria-invalid=\"false\" value=\"00:00\" type=\"text\" name=\"startzeit\" \/><\/span> bis <span class=\"wpcf7-form-control-wrap\" data-name=\"date-639\"><input class=\"wpcf7-form-control wpcf7-date wpcf7-validates-as-required wpcf7-validates-as-date\" id=\"bis\" aria-required=\"true\" aria-invalid=\"false\" value=\"\" type=\"date\" name=\"date-639\" \/><\/span><span class=\"wpcf7-form-control-wrap\" data-name=\"endzeit\"><input size=\"5\" maxlength=\"400\" class=\"wpcf7-form-control wpcf7-text wpcf7-validates-as-required\" aria-required=\"true\" aria-invalid=\"false\" value=\"00:00\" type=\"text\" name=\"endzeit\" \/><\/span>\n<\/p>\n<p>M\u00f6chten Sie die vorhandenen Duschen auch n\u00fctzen?\n<\/p>\n<p><span class=\"wpcf7-form-control-wrap\" data-name=\"Dusche\"><span class=\"wpcf7-form-control wpcf7-radio\"><span class=\"wpcf7-list-item first\"><input type=\"radio\" name=\"Dusche\" value=\"Ja\" \/><span class=\"wpcf7-list-item-label\">Ja<\/span><\/span><span class=\"wpcf7-list-item last\"><input type=\"radio\" name=\"Dusche\" value=\"Nein\" \/><span class=\"wpcf7-list-item-label\">Nein<\/span><\/span><\/span><\/span>\n<\/p>\n<p>Anzahl Personen\n<\/p>\n<p><span class=\"wpcf7-form-control-wrap\" data-name=\"Personenanzahl\"><input size=\"5\" maxlength=\"3\" class=\"wpcf7-form-control wpcf7-text wpcf7-validates-as-required\" aria-required=\"true\" aria-invalid=\"false\" value=\"\" type=\"text\" name=\"Personenanzahl\" \/><\/span>\n<\/p>\n<p>Name\n<\/p>\n<p><span class=\"wpcf7-form-control-wrap\" data-name=\"your-name\"><input size=\"40\" maxlength=\"400\" class=\"wpcf7-form-control wpcf7-text wpcf7-validates-as-required\" aria-required=\"true\" aria-invalid=\"false\" value=\"\" type=\"text\" name=\"your-name\" \/><\/span>\n<\/p>\n<p>Ihre E-Mail-Adresse\n<\/p>\n<p><span class=\"wpcf7-form-control-wrap\" data-name=\"your-email\"><input size=\"40\" maxlength=\"400\" class=\"wpcf7-form-control wpcf7-email wpcf7-validates-as-required wpcf7-text wpcf7-validates-as-email\" aria-required=\"true\" aria-invalid=\"false\" value=\"\" type=\"email\" name=\"your-email\" \/><\/span>\n<\/p>\n<p>Ihre Telefonnummer\n<\/p>\n<p><span class=\"wpcf7-form-control-wrap\" data-name=\"Telefonnummer\"><input size=\"40\" maxlength=\"400\" class=\"wpcf7-form-control wpcf7-text wpcf7-validates-as-required\" aria-required=\"true\" aria-invalid=\"false\" value=\"\" type=\"text\" name=\"Telefonnummer\" \/><\/span>\n<\/p>\n<p>Kommentar\n<\/p>\n<p><span class=\"wpcf7-form-control-wrap\" data-name=\"your-message\"><textarea cols=\"40\" rows=\"4\" maxlength=\"2000\" class=\"wpcf7-form-control wpcf7-textarea\" aria-invalid=\"false\" name=\"your-message\"><\/textarea><\/span>\n<\/p>\n<p>Anti-Spam-Ma\u00dfnahme - Bitte schreiben Sie die angezeigten Zeichen in das unten angezeigte Feld:\n<\/p>\n<p><input type=\"hidden\" name=\"_wpcf7_captcha_challenge_Kontrolle\" value=\"1500993636\" \/><img loading=\"lazy\" decoding=\"async\" class=\"wpcf7-form-control wpcf7-captchac wpcf7-captcha-Kontrolle\" width=\"72\" height=\"24\" alt=\"captcha\" src=\"http:\/\/www.fdsl.at\/wp-content\/uploads\/wpcf7_captcha\/1500993636.png\" \/><br \/>\n<span class=\"wpcf7-form-control-wrap\" data-name=\"Kontrolle\"><input size=\"40\" class=\"wpcf7-form-control wpcf7-captchar\" autocomplete=\"off\" aria-invalid=\"false\" value=\"\" type=\"text\" name=\"Kontrolle\" \/><\/span>\n<\/p>\n<p><input class=\"wpcf7-form-control wpcf7-submit has-spinner\" type=\"submit\" value=\"Senden\" \/>\n<\/p><p style=\"display: none !important;\" class=\"akismet-fields-container\" data-prefix=\"_wpcf7_ak_\"><label>&#916;<textarea name=\"_wpcf7_ak_hp_textarea\" cols=\"45\" rows=\"8\" maxlength=\"100\"><\/textarea><\/label><input type=\"hidden\" id=\"ak_js_1\" name=\"_wpcf7_ak_js\" value=\"234\"\/><script>document.getElementById( \"ak_js_1\" ).setAttribute( \"value\", ( new Date() ).getTime() );<\/script><\/p><div class=\"wpcf7-response-output\" aria-hidden=\"true\"><\/div>\n<\/form>\n<\/div>\n\n","protected":false},"excerpt":{"rendered":"<p>Sie m\u00f6chten eine Veranstaltung in den R\u00e4umlichkeiten der alten Schule Landsee organisieren? Dann kontaktieren Sie uns einfach \u00fcber das folgende Formular. F\u00fcr weitere Details sehen Sie sich bitte unsere Hausordnung an.<\/p>\n","protected":false},"author":6,"featured_media":0,"parent":0,"menu_order":0,"comment_status":"open","ping_status":"closed","template":"","meta":{"ngg_post_thumbnail":0,"footnotes":""},"class_list":["post-107","page","type-page","status-publish","hentry"],"_links":{"self":[{"href":"http:\/\/www.fdsl.at\/index.php?rest_route=\/wp\/v2\/pages\/107","targetHints":{"allow":["GET"]}}],"collection":[{"href":"http:\/\/www.fdsl.at\/index.php?rest_route=\/wp\/v2\/pages"}],"about":[{"href":"http:\/\/www.fdsl.at\/index.php?rest_route=\/wp\/v2\/types\/page"}],"author":[{"embeddable":true,"href":"http:\/\/www.fdsl.at\/index.php?rest_route=\/wp\/v2\/users\/6"}],"replies":[{"embeddable":true,"href":"http:\/\/www.fdsl.at\/index.php?rest_route=%2Fwp%2Fv2%2Fcomments&post=107"}],"version-history":[{"count":40,"href":"http:\/\/www.fdsl.at\/index.php?rest_route=\/wp\/v2\/pages\/107\/revisions"}],"predecessor-version":[{"id":3287,"href":"http:\/\/www.fdsl.at\/index.php?rest_route=\/wp\/v2\/pages\/107\/revisions\/3287"}],"wp:attachment":[{"href":"http:\/\/www.fdsl.at\/index.php?rest_route=%2Fwp%2Fv2%2Fmedia&parent=107"}],"curies":[{"name":"wp","href":"https:\/\/api.w.org\/{rel}","templated":true}]}}