{"id":2,"date":"2011-02-17T19:05:18","date_gmt":"2011-02-17T19:05:18","guid":{"rendered":"http:\/\/www.fdsl.at\/?page_id=2"},"modified":"2011-02-17T21:13:44","modified_gmt":"2011-02-17T20:13:44","slug":"eine-seite","status":"publish","type":"page","link":"https:\/\/www.fdsl.at\/?page_id=2","title":{"rendered":"Chronik"},"content":{"rendered":"<p>Im Jahr <strong>1990<\/strong> war die Gemeinde Markt St. Martin aus finanziellen Gr\u00fcnden gezwungen Gr\u00fcnde, W\u00e4lder und Geb\u00e4ude in den Ortsteilen nach Ma\u00dfgabe der Notwendigkeit zu verkaufen. Auch die alte \u2013 bereits vor Jahren stillgelegte und langsam verfallende \u2013 Landseer Dorfschule und der angrenzende Sportplatz (urspr\u00fcnglich kleinere \u00c4cker, die von den Besitzern zur Errichtung eines Sportplatzes der Gemeinde abgetreten wurden) befanden sich auf der Verkaufsliste. Aufgrund der Initiative der \u201eWei\u00dfen unabh\u00e4ngigen Liste &#8211; Rettet die Gemeinde\u201c konnte der Verkauf der alten Schule und des dazu geh\u00f6rigen Sportplatzes verhindert werden.<\/p>\n<p>Daraus entstand nach vielen Gespr\u00e4chen und mutigen Entschl\u00fcssen einiger Landseer Mitbewohner am <strong>09.12.1990<\/strong> der heutige Verein \u201eFreunde der Schule Landsee\u201c. Laut Vereinsstatuten hat dieser folgende Zielsetzungen:<\/p>\n<p>Renovierung bzw. Revitalisierung des alten Volksschulgeb\u00e4udes in Landsee und Pflege seiner Umgebung samt angrenzendem Sportplatz. Es soll die bauliche Substanz des Hauses erhalten bzw. verbessert und das Ortsbild dadurch bereichert werden. Auf den Vereinszweck abzielende Veranstaltungen, wie Versammlungen, Vortr\u00e4ge, Kurse, Auff\u00fchrungen, Besichtigungen,  Ausstellungen, Turnen, musikalische Darbietungen u.a., sollen unternommen oder beg\u00fcnstigt werden. Zusammenarbeit mit anderen, gleichen Zielen dienenden Vereinigungen.<\/p>\n","protected":false},"excerpt":{"rendered":"<p>Im Jahr 1990 war die Gemeinde Markt St. Martin aus finanziellen Gr\u00fcnden gezwungen Gr\u00fcnde, W\u00e4lder und Geb\u00e4ude in den Ortsteilen nach Ma\u00dfgabe der Notwendigkeit zu verkaufen. Auch die alte \u2013 bereits vor Jahren stillgelegte und langsam verfallende \u2013 Landseer Dorfschule und der angrenzende Sportplatz (urspr\u00fcnglich kleinere \u00c4cker, die von den Besitzern zur Errichtung eines Sportplatzes [&hellip;]<\/p>\n","protected":false},"author":6,"featured_media":0,"parent":0,"menu_order":0,"comment_status":"closed","ping_status":"open","template":"","meta":{"ngg_post_thumbnail":0,"footnotes":""},"class_list":["post-2","page","type-page","status-publish","hentry"],"_links":{"self":[{"href":"https:\/\/www.fdsl.at\/index.php?rest_route=\/wp\/v2\/pages\/2","targetHints":{"allow":["GET"]}}],"collection":[{"href":"https:\/\/www.fdsl.at\/index.php?rest_route=\/wp\/v2\/pages"}],"about":[{"href":"https:\/\/www.fdsl.at\/index.php?rest_route=\/wp\/v2\/types\/page"}],"author":[{"embeddable":true,"href":"https:\/\/www.fdsl.at\/index.php?rest_route=\/wp\/v2\/users\/6"}],"replies":[{"embeddable":true,"href":"https:\/\/www.fdsl.at\/index.php?rest_route=%2Fwp%2Fv2%2Fcomments&post=2"}],"version-history":[{"count":4,"href":"https:\/\/www.fdsl.at\/index.php?rest_route=\/wp\/v2\/pages\/2\/revisions"}],"predecessor-version":[{"id":23,"href":"https:\/\/www.fdsl.at\/index.php?rest_route=\/wp\/v2\/pages\/2\/revisions\/23"}],"wp:attachment":[{"href":"https:\/\/www.fdsl.at\/index.php?rest_route=%2Fwp%2Fv2%2Fmedia&parent=2"}],"curies":[{"name":"wp","href":"https:\/\/api.w.org\/{rel}","templated":true}]}}