{"id":830,"date":"2014-01-07T20:27:42","date_gmt":"2014-01-07T18:27:42","guid":{"rendered":"http:\/\/www.fdsl.at\/?page_id=830"},"modified":"2014-01-07T22:28:55","modified_gmt":"2014-01-07T20:28:55","slug":"verfugbarkeit-raume","status":"publish","type":"page","link":"https:\/\/www.fdsl.at\/?page_id=830","title":{"rendered":"Verf\u00fcgbarkeit R\u00e4ume"},"content":{"rendered":"<p>Hier sehen Sie welche R\u00e4ume bereits belegt sind.<br \/>\nEinfach den gew\u00fcnschten Raum mittels dem im Kalender rechts oben angezeigten Pfeilchen ausw\u00e4hlen.<\/p>\n<table border=\"0\" align=\"center\" frame=\"void\">\n<tbody>\n<tr>\n<td frame=\"void\"><img loading=\"lazy\" decoding=\"async\" class=\"alignnone size-full wp-image-839\" title=\"Raumauswahl\" src=\"http:\/\/www.fdsl.at\/wp-content\/uploads\/Raumauswahl1.jpg\" alt=\"Raumauswahl\" width=\"660\" height=\"100\" align=\"left\" border=\"3\" \/><\/td>\n<\/tr>\n<tr>\n<td>\n<iframe loading=\"lazy\" style=\"border-width: 0;\" src=\"https:\/\/www.google.com\/calendar\/embed?title=Verf%C3%BCgbarkeit%20R%C3%A4ume&amp;showTitle=0&amp;showPrint=0&amp;showTabs=0&amp;height=600&amp;wkst=2&amp;bgcolor=%23ffffcc&amp;src=aa5baeufoma7j7frva576jr3kg%40group.calendar.google.com&amp;color=%232952A3&amp;src=f8ehhupr4en7ffa4npgksmd7l0%40group.calendar.google.com&amp;color=%238C500B&amp;ctz=Europe%2FVienna\" frameborder=\"0\" scrolling=\"no\" width=\"700\" height=\"600\"><\/iframe><\/td>\n<\/tr>\n<\/tbody>\n<\/table>\n<p><a href=\"http:\/\/www.fdsl.at\/?page_id=107\">&gt;&gt;&gt; zur Mietanfrage <\/a><\/p>\n","protected":false},"excerpt":{"rendered":"<p>Hier sehen Sie welche R\u00e4ume bereits belegt sind. Einfach den gew\u00fcnschten Raum mittels dem im Kalender rechts oben angezeigten Pfeilchen ausw\u00e4hlen. &gt;&gt;&gt; zur Mietanfrage<\/p>\n","protected":false},"author":2,"featured_media":0,"parent":107,"menu_order":0,"comment_status":"closed","ping_status":"closed","template":"","meta":{"ngg_post_thumbnail":0,"footnotes":""},"class_list":["post-830","page","type-page","status-publish","hentry"],"_links":{"self":[{"href":"https:\/\/www.fdsl.at\/index.php?rest_route=\/wp\/v2\/pages\/830","targetHints":{"allow":["GET"]}}],"collection":[{"href":"https:\/\/www.fdsl.at\/index.php?rest_route=\/wp\/v2\/pages"}],"about":[{"href":"https:\/\/www.fdsl.at\/index.php?rest_route=\/wp\/v2\/types\/page"}],"author":[{"embeddable":true,"href":"https:\/\/www.fdsl.at\/index.php?rest_route=\/wp\/v2\/users\/2"}],"replies":[{"embeddable":true,"href":"https:\/\/www.fdsl.at\/index.php?rest_route=%2Fwp%2Fv2%2Fcomments&post=830"}],"version-history":[{"count":82,"href":"https:\/\/www.fdsl.at\/index.php?rest_route=\/wp\/v2\/pages\/830\/revisions"}],"predecessor-version":[{"id":3203,"href":"https:\/\/www.fdsl.at\/index.php?rest_route=\/wp\/v2\/pages\/830\/revisions\/3203"}],"up":[{"embeddable":true,"href":"https:\/\/www.fdsl.at\/index.php?rest_route=\/wp\/v2\/pages\/107"}],"wp:attachment":[{"href":"https:\/\/www.fdsl.at\/index.php?rest_route=%2Fwp%2Fv2%2Fmedia&parent=830"}],"curies":[{"name":"wp","href":"https:\/\/api.w.org\/{rel}","templated":true}]}}